{"id":193,"date":"2022-11-28T01:32:17","date_gmt":"2022-11-28T06:32:17","guid":{"rendered":"https:\/\/younginsurancepro.com\/register-closed\/"},"modified":"2022-11-28T03:02:12","modified_gmt":"2022-11-28T08:02:12","slug":"register-closed","status":"publish","type":"page","link":"https:\/\/younginsurancepro.com\/fr\/register-closed\/","title":{"rendered":"Registre"},"content":{"rendered":"\n<h2 class=\"wp-block-heading\">Mesdames\/Messieurs,<\/h2>\n\n\n\n<p><\/p>\n\n\n\n<h2 class=\"wp-block-heading\">Le d\u00e9lai de recevabilit\u00e9 des candidatures au Programme de formation de jeunes professionnels des assurances a expir\u00e9 pour cette ann\u00e9e. En cons\u00e9quence, aucun dossier de candidature ne peut plus \u00eatre accept\u00e9.<\/h2>\n\n\n\n<h2 class=\"wp-block-heading\"><br>Merci pour votre int\u00e9r\u00eat pour le Programme.<\/h2>\n","protected":false},"excerpt":{"rendered":"<p>Mesdames\/Messieurs, Le d\u00e9lai de recevabilit\u00e9 des candidatures au Programme de formation de jeunes professionnels des assurances a expir\u00e9 pour cette ann\u00e9e. En cons\u00e9quence, aucun dossier de candidature ne peut plus \u00eatre accept\u00e9. Merci pour votre int\u00e9r\u00eat pour le Programme.<\/p>\n","protected":false},"author":1,"featured_media":0,"parent":0,"menu_order":0,"comment_status":"closed","ping_status":"closed","template":"templates\/default-template.php","meta":{"footnotes":""},"class_list":["post-193","page","type-page","status-publish","hentry"],"_links":{"self":[{"href":"https:\/\/younginsurancepro.com\/fr\/wp-json\/wp\/v2\/pages\/193","targetHints":{"allow":["GET"]}}],"collection":[{"href":"https:\/\/younginsurancepro.com\/fr\/wp-json\/wp\/v2\/pages"}],"about":[{"href":"https:\/\/younginsurancepro.com\/fr\/wp-json\/wp\/v2\/types\/page"}],"author":[{"embeddable":true,"href":"https:\/\/younginsurancepro.com\/fr\/wp-json\/wp\/v2\/users\/1"}],"replies":[{"embeddable":true,"href":"https:\/\/younginsurancepro.com\/fr\/wp-json\/wp\/v2\/comments?post=193"}],"version-history":[{"count":3,"href":"https:\/\/younginsurancepro.com\/fr\/wp-json\/wp\/v2\/pages\/193\/revisions"}],"predecessor-version":[{"id":302,"href":"https:\/\/younginsurancepro.com\/fr\/wp-json\/wp\/v2\/pages\/193\/revisions\/302"}],"wp:attachment":[{"href":"https:\/\/younginsurancepro.com\/fr\/wp-json\/wp\/v2\/media?parent=193"}],"curies":[{"name":"wp","href":"https:\/\/api.w.org\/{rel}","templated":true}]}}