{"id":194,"date":"2022-11-28T01:30:45","date_gmt":"2022-11-28T06:30:45","guid":{"rendered":"https:\/\/younginsurancepro.com\/contact-us\/"},"modified":"2022-11-29T16:30:42","modified_gmt":"2022-11-29T21:30:42","slug":"contact-us","status":"publish","type":"page","link":"https:\/\/younginsurancepro.com\/fr\/contact-us\/","title":{"rendered":"Contactez"},"content":{"rendered":"\n<p><strong>Le siege d\u2019Africa Re est \u00e0 Lagos (R\u00e9publique f\u00e9d\u00e9rale du Nigeria)<\/strong><\/p>\n\n\n\n<p><strong>Adresse du Si\u00e8ge<\/strong><br>African Reinsurance Corporation<br>Africa Re Building<br>Plot 1679 Karimu Kotun Street,<br>Victoria Island<br>PMB 12765<br>Lagos \u2013 Nigeria.<\/p>\n\n\n\n<p><strong>T\u00e9l:<\/strong>&nbsp;(234 \u2013 I) 4616820\/4616828 \/ 2800924\/2800925<\/p>\n\n\n\n<p><strong>Fax:<\/strong>&nbsp;(234 \u2013 I) 2800074<\/p>\n\n\n\n<p>E-mail:\u00a0<a href=\"mailto:info@africa-re.com\"><\/a><a rel=\"noreferrer noopener\" href=\"mailto:yippenquiries@africa-re.com\" target=\"_blank\">yippenquiries@africa-re.com<\/a> \/ <a href=\"mailto:info@africa-re.com\">info@africa-re.com<\/a><\/p>\n","protected":false},"excerpt":{"rendered":"<p>Le siege d\u2019Africa Re est \u00e0 Lagos (R\u00e9publique f\u00e9d\u00e9rale du Nigeria) Adresse du Si\u00e8geAfrican Reinsurance CorporationAfrica Re BuildingPlot 1679 Karimu Kotun Street,Victoria IslandPMB 12765Lagos \u2013 Nigeria. T\u00e9l:&nbsp;(234 \u2013 I) 4616820\/4616828 \/ 2800924\/2800925 Fax:&nbsp;(234 \u2013 I) 2800074 E-mail:\u00a0yippenquiries@africa-re.com \/ info@africa-re.com<\/p>\n","protected":false},"author":1,"featured_media":0,"parent":0,"menu_order":0,"comment_status":"closed","ping_status":"closed","template":"templates\/default-template.php","meta":{"footnotes":""},"class_list":["post-194","page","type-page","status-publish","hentry"],"_links":{"self":[{"href":"https:\/\/younginsurancepro.com\/fr\/wp-json\/wp\/v2\/pages\/194","targetHints":{"allow":["GET"]}}],"collection":[{"href":"https:\/\/younginsurancepro.com\/fr\/wp-json\/wp\/v2\/pages"}],"about":[{"href":"https:\/\/younginsurancepro.com\/fr\/wp-json\/wp\/v2\/types\/page"}],"author":[{"embeddable":true,"href":"https:\/\/younginsurancepro.com\/fr\/wp-json\/wp\/v2\/users\/1"}],"replies":[{"embeddable":true,"href":"https:\/\/younginsurancepro.com\/fr\/wp-json\/wp\/v2\/comments?post=194"}],"version-history":[{"count":4,"href":"https:\/\/younginsurancepro.com\/fr\/wp-json\/wp\/v2\/pages\/194\/revisions"}],"predecessor-version":[{"id":370,"href":"https:\/\/younginsurancepro.com\/fr\/wp-json\/wp\/v2\/pages\/194\/revisions\/370"}],"wp:attachment":[{"href":"https:\/\/younginsurancepro.com\/fr\/wp-json\/wp\/v2\/media?parent=194"}],"curies":[{"name":"wp","href":"https:\/\/api.w.org\/{rel}","templated":true}]}}