{"id":195,"date":"2022-11-28T01:27:37","date_gmt":"2022-11-28T06:27:37","guid":{"rendered":"https:\/\/younginsurancepro.com\/about-us\/"},"modified":"2025-11-05T07:54:08","modified_gmt":"2025-11-05T12:54:08","slug":"a-propos-de-nous","status":"publish","type":"page","link":"https:\/\/younginsurancepro.com\/fr\/a-propos-de-nous\/","title":{"rendered":"Qui Sommes-nous"},"content":{"rendered":"\n<p>La <strong>Soci\u00e9t\u00e9 Africaine de R\u00e9assurance (Africa Re)<\/strong> est la soci\u00e9t\u00e9 panafricaine leader en mati\u00e8re de r\u00e9assurance, ainsi que le plus grand r\u00e9assureur en <strong>Afrique<\/strong>, en termes de primes de r\u00e9assurance nettes souscrites.<\/p>\n\n\n\n<p>Africa Re a \u00e9t\u00e9 cr\u00e9\u00e9e en <strong>1976 <\/strong>par <strong>36 Etats africains 1976<\/strong>, suite \u00e0 une recommandation de la Banque africaine de D\u00e9veloppement (BAD), avec pour mission, d\u2019une part, de favoriser le d\u00e9veloppement de l\u2019industrie de l\u2019assurance et de la r\u00e9assurance en Afrique, gr\u00e2ce au renforcement des capacit\u00e9s de souscription et de r\u00e9tention et, d\u2019autre part, de soutenir le d\u00e9veloppement \u00e9conomique en Afrique.<\/p>\n\n\n\n<p><strong><strong>En 2025, la Soci\u00e9t\u00e9 a occup\u00e9 le 12<sup>\u00e8me<\/sup> rang des 16 premi\u00e8res entit\u00e9s recourant \u00e0 l\u2019IFRS 17 pour la pr\u00e9sentation de leurs comptes, parmi les 50 plus grands r\u00e9assureurs dans le monde, selon le classement \u00e9tabli par AM Best, ainsi que le 36<sup>\u00e8me<\/sup> rang du classement des 40 premiers r\u00e9assureurs du monde, selon S&amp;P Global. Cela fait maintenant plus d\u2019une d\u00e9cennie qu\u2019elle est r\u00e9guli\u00e8rement pr\u00e9sente sur ces listes.<\/strong><\/strong><\/p>\n\n\n\n<p>Africa Re dispose d\u2019un actionnariat tr\u00e8s diversifi\u00e9, comprenant : <strong>42 Etats Membres africains (34,53%); la Banque Africaine de D\u00e9veloppement (8,36%); 112 compagnies africaines d\u2019assurance et de r\u00e9assurance (33,85%); 3 actionnaires non-r\u00e9gionaux (22,98%); outre un plan d\u2019actionnariat des employ\u00e9s (0,29%). Au nombre des actionnaires non-r\u00e9gionaux figurent des assureurs et r\u00e9assureurs mondiaux de premier plan, notamment AXA, FAIRFAX et SANLAM ALLIANZ<\/strong>.<\/p>\n\n\n\n<p>Depuis son Si\u00e8ge situ\u00e9 \u00e0 Lagos (Nigeria), Africa Re exploite un solide r\u00e9seau continental de bureaux r\u00e9gionaux et de bureaux de contact, \u00e9tablis respectivement \u00e0 Lagos (Nigeria), Casablanca (Maroc), Nairobi (Kenya), Abidjan (C\u00f4te d\u2019Ivoire), Eb\u00e8ne (Maurice), ainsi qu\u2019au Caire (Egypte), \u00e0 Addis-Ababa (Ethiopie), Khartoum (Soudan) et Kinshasa (R.D. Congo). Il s\u2019y ajoute trois filiales : Africa Re (South Africa) Ltd \u00e0 Johannesburg, Africa Retakaful Ltd, au Caire (Egypte) et Africa Re Underwriting Agency Ltd, \u00e0 Duba\u00ef (EAU).<\/p>\n\n\n\n<p>Au 31 d\u00e9cembre 2024, Africa Re affichait un <strong>chiffre d\u2019affaires de plus de 1,2 milliard de dollars EU, avec un b\u00e9n\u00e9fice net de 132,9 millions de dollars EU. Ses Fonds Propres s\u2019\u00e9levaient \u00e0 1,15 milliard de dollars EU et son actif total \u00e0 1,8 milliard de dollars EU.<\/strong><\/p>\n\n\n\n<p><strong><strong>Africa Re b\u00e9n\u00e9ficie des notes de solidit\u00e9 financi\u00e8re et de cr\u00e9dit A (Excellent\/Stable) d\u2019AM Best (depuis 2016) et A \u2013 (Solide\/Positif) de Standard &amp; Poor\u2019s (depuis 2009).<\/strong><\/strong><\/p>\n\n\n\n<p>Au-del\u00e0 de la r\u00e9assurance, Africa Re entend \u0153uvrer en faveur du renforcement des capacit\u00e9s au sein du secteur et fournir une assistance technique aux assureurs africains. Par ailleurs, elle participe au capital d\u2019institutions r\u00e9gionales de d\u00e9veloppement de premier plan, notamment <strong>Africa Export-Import Bank (AFREXIMBANK), Shelter Afrique Development Bank (ShafDB), African Trade &amp; Investment Development Insurance (ATIDI), ainsi qu\u2019Africa Finance Corporation<\/strong> <strong>(AFC)<\/strong>. Africa Re r\u00e9alise \u00e9galement des investissements significatifs sur les places financi\u00e8res africaines.<\/p>\n\n\n\n<p>Il convient de noter en outre qu\u2019Africa Re consacre une part de son b\u00e9n\u00e9fice annuel net pouvant atteindre <strong>2%<\/strong> \u00e0 des initiatives li\u00e9es \u00e0 la <strong>responsabilit\u00e9 sociale d\u2019entreprise<\/strong>, qu\u2019elle m\u00e8ne dans les pays membres et qui sont ax\u00e9es principalement sur la gestion des risques pour le d\u00e9veloppement.<\/p>\n\n\n\n<p><\/p>\n","protected":false},"excerpt":{"rendered":"<p>La Soci\u00e9t\u00e9 Africaine de R\u00e9assurance (Africa Re) est la soci\u00e9t\u00e9 panafricaine leader en mati\u00e8re de r\u00e9assurance, ainsi que le plus grand r\u00e9assureur en Afrique, en termes de primes de r\u00e9assurance nettes souscrites. Africa Re a \u00e9t\u00e9 cr\u00e9\u00e9e en 1976 par 36 Etats africains 1976, suite \u00e0 une recommandation de la Banque africaine de D\u00e9veloppement (BAD), [&hellip;]<\/p>\n","protected":false},"author":1,"featured_media":0,"parent":0,"menu_order":0,"comment_status":"closed","ping_status":"closed","template":"templates\/default-template.php","meta":{"footnotes":""},"class_list":["post-195","page","type-page","status-publish","hentry"],"_links":{"self":[{"href":"https:\/\/younginsurancepro.com\/fr\/wp-json\/wp\/v2\/pages\/195","targetHints":{"allow":["GET"]}}],"collection":[{"href":"https:\/\/younginsurancepro.com\/fr\/wp-json\/wp\/v2\/pages"}],"about":[{"href":"https:\/\/younginsurancepro.com\/fr\/wp-json\/wp\/v2\/types\/page"}],"author":[{"embeddable":true,"href":"https:\/\/younginsurancepro.com\/fr\/wp-json\/wp\/v2\/users\/1"}],"replies":[{"embeddable":true,"href":"https:\/\/younginsurancepro.com\/fr\/wp-json\/wp\/v2\/comments?post=195"}],"version-history":[{"count":9,"href":"https:\/\/younginsurancepro.com\/fr\/wp-json\/wp\/v2\/pages\/195\/revisions"}],"predecessor-version":[{"id":450,"href":"https:\/\/younginsurancepro.com\/fr\/wp-json\/wp\/v2\/pages\/195\/revisions\/450"}],"wp:attachment":[{"href":"https:\/\/younginsurancepro.com\/fr\/wp-json\/wp\/v2\/media?parent=195"}],"curies":[{"name":"wp","href":"https:\/\/api.w.org\/{rel}","templated":true}]}}