{"id":196,"date":"2022-11-28T01:27:22","date_gmt":"2022-11-28T06:27:22","guid":{"rendered":"https:\/\/younginsurancepro.com\/press-releases\/"},"modified":"2025-11-05T04:35:40","modified_gmt":"2025-11-05T09:35:40","slug":"press-releases","status":"publish","type":"page","link":"https:\/\/younginsurancepro.com\/fr\/press-releases\/","title":{"rendered":"Press Releases"},"content":{"rendered":"\n<p><strong>Lagos, le 05 novembre 202<\/strong>5<\/p>\n\n\n\n<p><strong><strong>APPEL A CANDIDATURES POUR LA 8\u00e8me PROMOTION DU \u00ab&nbsp;PROGRAMME DE FORMATION DE JEUNES PROFESSIONNELS DES ASSURANCES \u00bb (YIPP)&nbsp;D\u2019AFRICA RE, 2026 EDITION<\/strong><\/strong><\/p>\n\n\n\n<p>La Soci\u00e9t\u00e9 Africaine de R\u00e9assurance (Africa Re) invite toute personne qualifi\u00e9e qui d\u00e9sire s\u2019inscrire pour la 7<sup>\u00e8me<\/sup> \u00e9dition de son <strong>Programme de formation de jeunes professionnels des assurances (YIPP en anglais)<\/strong> \u00e0 faire acte de candidature <strong>entre le 10 novembre 2025 et le 31 janvier 2026.<\/strong><\/p>\n\n\n\n<p>Le YIPP, <strong>formation en ligne, est offert gratuitement aux professionnels des assurances et de la r\u00e9assurance \u00e2g\u00e9s de moins de 35 ans<\/strong> et en service dans des compagnies d\u2019assurance ou de r\u00e9assurance, des cabinets de courtage, des autorit\u00e9s de contr\u00f4le des assurances et autres institutions connexes.<\/p>\n\n\n\n<p>Le Programme comprend <strong>quatorze (14) cours<\/strong> (<em>13 cours d&#8217;assurance non-vie et 1 cours obligatoire en leadership et gestion<\/em>) qui ont \u00e9t\u00e9 soigneusement s\u00e9lectionn\u00e9s et con\u00e7us pour renforcer les connaissances des participants, et ainsi contribuer au d\u00e9veloppement des ressources humaines et \u00e0 celui de la carri\u00e8re dans le secteur de l\u2019assurance et de la r\u00e9assurance.<\/p>\n\n\n\n<p>Le YIPP est une nouvelle initiative phare dans les activit\u00e9s de responsabilit\u00e9 sociale des entreprises d\u2019Africa Re conform\u00e9ment \u00e0 l\u2019une des missions de la soci\u00e9t\u00e9, \u00e0 savoir promouvoir le d\u00e9veloppement des activit\u00e9s nationales d\u2019assurance et de r\u00e9assurance dans les pays africains. Il est en effet de notori\u00e9t\u00e9 publique que le secteur africain de l\u2019assurance et de la r\u00e9assurance manque de talents, ce qui l\u2019am\u00e8ne \u00e0 \u00eatre en de\u00e7\u00e0 de son potentiel dans de nombreux domaines de son d\u00e9veloppement n\u00e9cessaire.<\/p>\n\n\n\n<p>A la fin du <strong>programme en ligne de neuf (9) mois<\/strong>, <strong>les 10 meilleurs participants auront droit \u00e0<\/strong>:<\/p>\n\n\n\n<ol class=\"wp-block-list\">\n<li>Une attestation de participation d\u00e9livr\u00e9e par le Directeur G\u00e9n\u00e9ral du Groupe Africa Re;<\/li>\n\n\n\n<li>Une invitation \u00e0 un S\u00e9minaire de Synth\u00e8se en pr\u00e9sentielle ou en ligne au cours duquel ils pourront acqu\u00e9rir des connaissances pointues en leadership et management;<\/li>\n\n\n\n<li>Au financement de leur participation \u00e0 l\u2019une des principales rencontres en assurance\/r\u00e9assurance en Afrique (OAA, FANAF, OESAI, GAIF, FAIR, etc.).<\/li>\n<\/ol>\n\n\n\n<p>Les personnes int\u00e9ress\u00e9es sont invit\u00e9es \u00e0 <strong>envoyer leur demande en ligne entre le 10 novembre 2025 au 31 janvier 2026.<\/strong><\/p>\n\n\n\n<p>Pour ce faire, elles<\/p>\n\n\n\n<ul class=\"wp-block-list\">\n<li>Se connecteront au lien du programme <a href=\"http:\/\/younginsurancepro.com\"><strong>http:\/\/younginsurancepro.com<\/strong><\/a> o\u00f9 elles<\/li>\n\n\n\n<li>Cliqueront sur \u201c<strong><u>Comment s\u2019inscrire<\/u><\/strong>\u201d,<\/li>\n\n\n\n<li>Suivront les instructions.<\/li>\n<\/ul>\n\n\n\n<p class=\"has-text-align-right\"><strong>&nbsp;&nbsp;&nbsp;&nbsp;&nbsp;&nbsp;&nbsp;&nbsp;&nbsp;&nbsp;&nbsp;&nbsp;&nbsp;&nbsp;&nbsp;&nbsp;&nbsp;&nbsp;&nbsp;&nbsp;&nbsp;&nbsp;&nbsp;&nbsp;&nbsp;&nbsp;&nbsp;&nbsp;&nbsp;&nbsp;&nbsp;&nbsp;&nbsp;&nbsp;&nbsp;&nbsp;&nbsp;&nbsp;&nbsp;&nbsp;&nbsp;&nbsp;&nbsp;&nbsp;&nbsp;&nbsp;&nbsp;&nbsp;&nbsp;&nbsp;&nbsp;&nbsp;&nbsp;&nbsp;&nbsp;&nbsp;&nbsp;&nbsp;&nbsp;&nbsp;&nbsp;&nbsp;&nbsp;Le Directeur G\u00e9n\u00e9ral du Groupe<\/strong><\/p>\n\n\n\n<p class=\"has-text-align-right\"><strong>Dr Corneille KAREKEZI<\/strong><\/p>\n\n\n\n<p><\/p>\n\n\n\n<p><\/p>\n\n\n\n<p><\/p>\n","protected":false},"excerpt":{"rendered":"<p>Lagos, le 05 novembre 2025 APPEL A CANDIDATURES POUR LA 8\u00e8me PROMOTION DU \u00ab&nbsp;PROGRAMME DE FORMATION DE JEUNES PROFESSIONNELS DES ASSURANCES \u00bb (YIPP)&nbsp;D\u2019AFRICA RE, 2026 EDITION La Soci\u00e9t\u00e9 Africaine de R\u00e9assurance (Africa Re) invite toute personne qualifi\u00e9e qui d\u00e9sire s\u2019inscrire pour la 7\u00e8me \u00e9dition de son Programme de formation de jeunes professionnels des assurances (YIPP [&hellip;]<\/p>\n","protected":false},"author":1,"featured_media":0,"parent":0,"menu_order":0,"comment_status":"closed","ping_status":"closed","template":"templates\/default-template.php","meta":{"footnotes":""},"class_list":["post-196","page","type-page","status-publish","hentry"],"_links":{"self":[{"href":"https:\/\/younginsurancepro.com\/fr\/wp-json\/wp\/v2\/pages\/196","targetHints":{"allow":["GET"]}}],"collection":[{"href":"https:\/\/younginsurancepro.com\/fr\/wp-json\/wp\/v2\/pages"}],"about":[{"href":"https:\/\/younginsurancepro.com\/fr\/wp-json\/wp\/v2\/types\/page"}],"author":[{"embeddable":true,"href":"https:\/\/younginsurancepro.com\/fr\/wp-json\/wp\/v2\/users\/1"}],"replies":[{"embeddable":true,"href":"https:\/\/younginsurancepro.com\/fr\/wp-json\/wp\/v2\/comments?post=196"}],"version-history":[{"count":8,"href":"https:\/\/younginsurancepro.com\/fr\/wp-json\/wp\/v2\/pages\/196\/revisions"}],"predecessor-version":[{"id":447,"href":"https:\/\/younginsurancepro.com\/fr\/wp-json\/wp\/v2\/pages\/196\/revisions\/447"}],"wp:attachment":[{"href":"https:\/\/younginsurancepro.com\/fr\/wp-json\/wp\/v2\/media?parent=196"}],"curies":[{"name":"wp","href":"https:\/\/api.w.org\/{rel}","templated":true}]}}