{"id":198,"date":"2022-11-28T01:05:57","date_gmt":"2022-11-28T06:05:57","guid":{"rendered":"https:\/\/younginsurancepro.com\/downloads\/"},"modified":"2022-11-28T03:00:29","modified_gmt":"2022-11-28T08:00:29","slug":"telechargements","status":"publish","type":"page","link":"https:\/\/younginsurancepro.com\/fr\/telechargements\/","title":{"rendered":"T\u00e9l\u00e9chargez"},"content":{"rendered":"<div class=\"wrapper mb-5\">\n<h3 class=\"mb-5\">Cliquez pour t\u00e9l\u00e9charger<\/h3>\n<p><a class=\"download\" href=\"https:\/\/younginsurancepro.com\/wp-content\/uploads\/2022\/11\/YIPP-Formulaire-de-Re\u0301fe\u0301rence-FR.pdf\" target=\"_blank\" rel=\"noopener\"> Formulaire de R\u00e9f\u00e9rence <span class=\"faf\">T\u00e9l\u00e9charger<\/span> <\/a><\/p>\n<\/div>\n\n\n<p><\/p>\n","protected":false},"excerpt":{"rendered":"<p>Cliquez pour t\u00e9l\u00e9charger Formulaire de R\u00e9f\u00e9rence T\u00e9l\u00e9charger<\/p>\n","protected":false},"author":1,"featured_media":0,"parent":0,"menu_order":0,"comment_status":"closed","ping_status":"closed","template":"templates\/default-grey-template.php","meta":{"footnotes":""},"class_list":["post-198","page","type-page","status-publish","hentry"],"_links":{"self":[{"href":"https:\/\/younginsurancepro.com\/fr\/wp-json\/wp\/v2\/pages\/198","targetHints":{"allow":["GET"]}}],"collection":[{"href":"https:\/\/younginsurancepro.com\/fr\/wp-json\/wp\/v2\/pages"}],"about":[{"href":"https:\/\/younginsurancepro.com\/fr\/wp-json\/wp\/v2\/types\/page"}],"author":[{"embeddable":true,"href":"https:\/\/younginsurancepro.com\/fr\/wp-json\/wp\/v2\/users\/1"}],"replies":[{"embeddable":true,"href":"https:\/\/younginsurancepro.com\/fr\/wp-json\/wp\/v2\/comments?post=198"}],"version-history":[{"count":2,"href":"https:\/\/younginsurancepro.com\/fr\/wp-json\/wp\/v2\/pages\/198\/revisions"}],"predecessor-version":[{"id":301,"href":"https:\/\/younginsurancepro.com\/fr\/wp-json\/wp\/v2\/pages\/198\/revisions\/301"}],"wp:attachment":[{"href":"https:\/\/younginsurancepro.com\/fr\/wp-json\/wp\/v2\/media?parent=198"}],"curies":[{"name":"wp","href":"https:\/\/api.w.org\/{rel}","templated":true}]}}