{"id":201,"date":"2022-11-28T00:05:23","date_gmt":"2022-11-28T05:05:23","guid":{"rendered":"https:\/\/younginsurancepro.com\/assessment-and-feedback\/"},"modified":"2022-11-28T02:34:07","modified_gmt":"2022-11-28T07:34:07","slug":"evaluation-et-commentaires","status":"publish","type":"page","link":"https:\/\/younginsurancepro.com\/fr\/le-programme\/administration-du-cours\/evaluation-et-commentaires\/","title":{"rendered":"\u00c9valuation et commentaires"},"content":{"rendered":"<p><strong>Tests en ligne<\/strong><\/p>\n<ul>\n<li>Ces sessions de formation que chacun peut suivre \u00e0 son propre rythme sont con\u00e7ues pour permettre aux participants de mettre en pratique les comp\u00e9tences et les aptitudes acquises et d\u2019en acqu\u00e9rir au cours de la formation.<\/li>\n<li>En cons\u00e9quence, les modules ne comprendront que des cas pratiques, des tests et des \u00e9valuations. Les formateurs pr\u00e9senteront des diapositives suppl\u00e9mentaires aux participants.<\/li>\n<\/ul>\n<p><strong>Strat\u00e9gie d\u2019\u00e9valuation<\/strong><\/p>\n<p>L\u2019\u00e9valuation devrait \u00eatre effectu\u00e9e r\u00e9guli\u00e8rement et convenablement pour qu\u2019elle puisse renseigner sur la progression de chaque candidat (\u00e9valuation sommative). Elle devrait aussi \u00e9clairer sur l\u2019approche adopt\u00e9e par chaque candidat pour comprendre le contexte d\u2019apprentissage et fournir des informations pr\u00e9cieuses qui seront utilis\u00e9es pour s\u00e9lectionner les 10 meilleurs candidats.<\/p>\n<p>Les exercices et tests d\u2019\u00e9valuation sont int\u00e9gr\u00e9s et visent divers objectifs, notamment am\u00e9liorer la compr\u00e9hension des concepts, proc\u00e9dures et principes \u00e9nonc\u00e9s. Le format des exercices pourrait \u00eatre le suivant\u00a0:<\/p>\n<p><strong>Une semaine de formation en face \u00e0 face<\/strong><\/p>\n<p>Les\u00a0<strong>meilleurs candidats<\/strong>\u00a0seront regroup\u00e9s pendant une semaine en pr\u00e9sentiel ou en ligne \u00a0pour l\u2019ultime phase de la formation lors l\u2019un des \u00e9v\u00e8nements majeurs de l\u2019assurance\/r\u00e9assurance en Afrique (OAA, FANAF, OESAI, GAIF, FAIR, etc.). Pour cette phase, les participants recevront des instructions soit en pr\u00e9sentiel soit en ligne lors des interactions avec les formateurs.<\/p>\n<p>Ici, la formation se fera enti\u00e8rement en face \u00e0 face au lieu de regroupement, ce qui permettra des contacts directs entre formateurs et apprenants.<\/p>\n","protected":false},"excerpt":{"rendered":"<p>Tests en ligne Ces sessions de formation que chacun peut suivre \u00e0 son propre rythme sont con\u00e7ues pour permettre aux participants de mettre en pratique les comp\u00e9tences et les aptitudes acquises et d\u2019en acqu\u00e9rir au cours de la formation. En cons\u00e9quence, les modules ne comprendront que des cas pratiques, des tests et des \u00e9valuations. Les [&hellip;]<\/p>\n","protected":false},"author":1,"featured_media":0,"parent":204,"menu_order":0,"comment_status":"closed","ping_status":"closed","template":"templates\/default-template.php","meta":{"footnotes":""},"class_list":["post-201","page","type-page","status-publish","hentry"],"_links":{"self":[{"href":"https:\/\/younginsurancepro.com\/fr\/wp-json\/wp\/v2\/pages\/201","targetHints":{"allow":["GET"]}}],"collection":[{"href":"https:\/\/younginsurancepro.com\/fr\/wp-json\/wp\/v2\/pages"}],"about":[{"href":"https:\/\/younginsurancepro.com\/fr\/wp-json\/wp\/v2\/types\/page"}],"author":[{"embeddable":true,"href":"https:\/\/younginsurancepro.com\/fr\/wp-json\/wp\/v2\/users\/1"}],"replies":[{"embeddable":true,"href":"https:\/\/younginsurancepro.com\/fr\/wp-json\/wp\/v2\/comments?post=201"}],"version-history":[{"count":1,"href":"https:\/\/younginsurancepro.com\/fr\/wp-json\/wp\/v2\/pages\/201\/revisions"}],"predecessor-version":[{"id":262,"href":"https:\/\/younginsurancepro.com\/fr\/wp-json\/wp\/v2\/pages\/201\/revisions\/262"}],"up":[{"embeddable":true,"href":"https:\/\/younginsurancepro.com\/fr\/wp-json\/wp\/v2\/pages\/204"}],"wp:attachment":[{"href":"https:\/\/younginsurancepro.com\/fr\/wp-json\/wp\/v2\/media?parent=201"}],"curies":[{"name":"wp","href":"https:\/\/api.w.org\/{rel}","templated":true}]}}