{"id":202,"date":"2022-11-27T23:57:30","date_gmt":"2022-11-28T04:57:30","guid":{"rendered":"https:\/\/younginsurancepro.com\/contents-and-activities\/"},"modified":"2022-11-28T02:32:47","modified_gmt":"2022-11-28T07:32:47","slug":"contenus-et-activites","status":"publish","type":"page","link":"https:\/\/younginsurancepro.com\/fr\/le-programme\/administration-du-cours\/contenus-et-activites\/","title":{"rendered":"Contenus et activit\u00e9s"},"content":{"rendered":"<p>Le programme comprendra plusieurs groupes d\u2019activit\u00e9s auxquels les participants pourront contribuer individuellement et collectivement.<\/p>\n<ul>\n<li>13 modules comprenant des cas pratiques seront \u00e9tudi\u00e9s, et chaque module sera con\u00e7u pour contribuer \u00e0 la r\u00e9alisation des objectifs de la formation.<\/li>\n<li><strong>Des exercices pratiques pertinents<\/strong>\u00a0permettront aux participants de comprendre les modules. Ces exercices viendront renforcer les connaissances acquises. (Les exercices pratiques disponibles sont ceux qui sont contenus dans le Manuel de formation.)<\/li>\n<li><strong>Des discussions en groupe<\/strong>\u00a0permettront de rapporter les connaissances acquises \u00e0 la r\u00e9alit\u00e9 du secteur des assurances et de la r\u00e9assurance.\n<ul>\n<li>L\u2019apprentissage en r\u00e9seau pour promouvoir les relations entre apprenants.<\/li>\n<\/ul>\n<\/li>\n<\/ul>\n<p><strong>Formation en classe et p\u00e9dagogie et m\u00e9thodologie strat\u00e9giques<\/strong><\/p>\n<ul>\n<li>Nos activit\u00e9s cibl\u00e9es mettent l\u2019accent autant sur les\u00a0activit\u00e9s de classe\u00a0que sur les\u00a0r\u00e9sultats de l\u2019apprentissage\u00a0qui se traduisent par une meilleure performance des participants<\/li>\n<li>Notre approche accorde le format des enseignements aux r\u00e9sultats escompt\u00e9s, favorisant ainsi le transfert des connaissances et des aptitudes.<\/li>\n<li>Deux approches p\u00e9dagogiques ont \u00e9t\u00e9 adopt\u00e9es, \u00e0 savoir l\u2019approche des expos\u00e9s et l\u2019approche des applications.<\/li>\n<\/ul>\n<table>\n<tbody>\n<tr>\n<td width=\"255\"><strong>M\u00e9thode des expos\u00e9s<\/strong><\/td>\n<td width=\"273\"><strong>M\u00e9thode des applications<\/strong><\/td>\n<\/tr>\n<tr>\n<td width=\"255\"><strong>Expos\u00e9s<\/strong><\/td>\n<td width=\"273\"><strong>M\u00e9thode des d\u00e9monstrations<\/strong><\/td>\n<\/tr>\n<tr>\n<td width=\"255\"><strong>Etudes de cas<\/strong><\/td>\n<td width=\"273\"><strong>\u00a0<\/strong><strong>Outils de travail<\/strong><\/td>\n<\/tr>\n<tr>\n<td width=\"255\"><strong>Exemples d\u00e9taill\u00e9s<\/strong><\/td>\n<td width=\"273\"><strong>\u00a0<\/strong><strong>Exercices de simulation\/Tests blancs<\/strong><\/td>\n<\/tr>\n<tr>\n<td width=\"255\"><strong>D\u00e9monstrations<\/strong><\/td>\n<td width=\"273\"><strong>\u00a0<\/strong><\/td>\n<\/tr>\n<\/tbody>\n<\/table>\n","protected":false},"excerpt":{"rendered":"<p>Le programme comprendra plusieurs groupes d\u2019activit\u00e9s auxquels les participants pourront contribuer individuellement et collectivement. 13 modules comprenant des cas pratiques seront \u00e9tudi\u00e9s, et chaque module sera con\u00e7u pour contribuer \u00e0 la r\u00e9alisation des objectifs de la formation. Des exercices pratiques pertinents\u00a0permettront aux participants de comprendre les modules. Ces exercices viendront renforcer les connaissances acquises. (Les [&hellip;]<\/p>\n","protected":false},"author":1,"featured_media":0,"parent":204,"menu_order":0,"comment_status":"closed","ping_status":"closed","template":"templates\/default-template.php","meta":{"footnotes":""},"class_list":["post-202","page","type-page","status-publish","hentry"],"_links":{"self":[{"href":"https:\/\/younginsurancepro.com\/fr\/wp-json\/wp\/v2\/pages\/202","targetHints":{"allow":["GET"]}}],"collection":[{"href":"https:\/\/younginsurancepro.com\/fr\/wp-json\/wp\/v2\/pages"}],"about":[{"href":"https:\/\/younginsurancepro.com\/fr\/wp-json\/wp\/v2\/types\/page"}],"author":[{"embeddable":true,"href":"https:\/\/younginsurancepro.com\/fr\/wp-json\/wp\/v2\/users\/1"}],"replies":[{"embeddable":true,"href":"https:\/\/younginsurancepro.com\/fr\/wp-json\/wp\/v2\/comments?post=202"}],"version-history":[{"count":1,"href":"https:\/\/younginsurancepro.com\/fr\/wp-json\/wp\/v2\/pages\/202\/revisions"}],"predecessor-version":[{"id":261,"href":"https:\/\/younginsurancepro.com\/fr\/wp-json\/wp\/v2\/pages\/202\/revisions\/261"}],"up":[{"embeddable":true,"href":"https:\/\/younginsurancepro.com\/fr\/wp-json\/wp\/v2\/pages\/204"}],"wp:attachment":[{"href":"https:\/\/younginsurancepro.com\/fr\/wp-json\/wp\/v2\/media?parent=202"}],"curies":[{"name":"wp","href":"https:\/\/api.w.org\/{rel}","templated":true}]}}