{"id":203,"date":"2022-11-27T23:46:35","date_gmt":"2022-11-28T04:46:35","guid":{"rendered":"https:\/\/younginsurancepro.com\/mode-of-delivery\/"},"modified":"2022-11-28T02:31:40","modified_gmt":"2022-11-28T07:31:40","slug":"mode-de-livraison","status":"publish","type":"page","link":"https:\/\/younginsurancepro.com\/fr\/le-programme\/administration-du-cours\/mode-de-livraison\/","title":{"rendered":"Mode de livraison"},"content":{"rendered":"<div class=\"wrapper\">\n<div class=\"page-content\">\n<p>La formation se fera enti\u00e8rement en ligne et de mani\u00e8re non synchronis\u00e9e. Elle commencera et s\u2019ach\u00e8vera \u00e0 des dates diff\u00e9rentes pour les participants, et ceux-ci avanceront chacun \u00e0 son rythme.<\/p>\n<\/div>\n<div class=\"blue-info mt-5\">\n<div class=\"wrapper\">\n<h2 class=\"text-center mb-5\">Les participants doivent donc avoir des connaissances en informatique\u00a0; ils devront \u00e9galement avoir acc\u00e8s \u00e0 un ordinateur et \u00e0 Internet.<\/h2>\n<div class=\"row\">\n<div class=\"col-md-6\">\n<div class=\"item\">\n<p>Un nom d\u2019utilisateur et un mot de passe seront attribu\u00e9s \u00e0 chaque participant.<\/p>\n<\/div>\n<\/div>\n<div class=\"col-md-6\">\n<div class=\"item\">\n<p>La dur\u00e9e de chaque module sera approximativement de 1 \u00e0 3 heures en continu. Toutefois, des suspensions seront permises pour les participants qui le souhaiteraient, \u00e0 condition qu\u2019ils ach\u00e8vent le module concern\u00e9 dans un d\u00e9lai d\u2019environ 21 jours calendaires.<\/p>\n<\/div>\n<\/div>\n<div class=\"col-md-6\">\n<div class=\"item\">\n<p>Apr\u00e8s chaque s\u00e9ance, les participants devront r\u00e9pondre \u00e0 des questions \u00e0 choix multiples. Pour chaque choix effectu\u00e9, le participant suivra un commentaire automatique qui lui expliquera pourquoi la r\u00e9ponse choisie est bonne ou mauvaise.<\/p>\n<\/div>\n<\/div>\n<div class=\"col-md-6 \">\n<div class=\"item mt-0 mt-sm-5\">\n<p>A chaque contenu \u00e9crit, correspondra une option voix qui permettra au participant de lire et d\u2019\u00e9couter le m\u00eame message.<\/p>\n<\/div>\n<\/div>\n<\/div>\n<\/div>\n<\/div>\n<\/div>\n","protected":false},"excerpt":{"rendered":"<p>La formation se fera enti\u00e8rement en ligne et de mani\u00e8re non synchronis\u00e9e. Elle commencera et s\u2019ach\u00e8vera \u00e0 des dates diff\u00e9rentes pour les participants, et ceux-ci avanceront chacun \u00e0 son rythme. Les participants doivent donc avoir des connaissances en informatique\u00a0; ils devront \u00e9galement avoir acc\u00e8s \u00e0 un ordinateur et \u00e0 Internet. Un nom d\u2019utilisateur et un [&hellip;]<\/p>\n","protected":false},"author":1,"featured_media":0,"parent":204,"menu_order":0,"comment_status":"closed","ping_status":"closed","template":"templates\/default-grey-template.php","meta":{"footnotes":""},"class_list":["post-203","page","type-page","status-publish","hentry"],"_links":{"self":[{"href":"https:\/\/younginsurancepro.com\/fr\/wp-json\/wp\/v2\/pages\/203","targetHints":{"allow":["GET"]}}],"collection":[{"href":"https:\/\/younginsurancepro.com\/fr\/wp-json\/wp\/v2\/pages"}],"about":[{"href":"https:\/\/younginsurancepro.com\/fr\/wp-json\/wp\/v2\/types\/page"}],"author":[{"embeddable":true,"href":"https:\/\/younginsurancepro.com\/fr\/wp-json\/wp\/v2\/users\/1"}],"replies":[{"embeddable":true,"href":"https:\/\/younginsurancepro.com\/fr\/wp-json\/wp\/v2\/comments?post=203"}],"version-history":[{"count":1,"href":"https:\/\/younginsurancepro.com\/fr\/wp-json\/wp\/v2\/pages\/203\/revisions"}],"predecessor-version":[{"id":260,"href":"https:\/\/younginsurancepro.com\/fr\/wp-json\/wp\/v2\/pages\/203\/revisions\/260"}],"up":[{"embeddable":true,"href":"https:\/\/younginsurancepro.com\/fr\/wp-json\/wp\/v2\/pages\/204"}],"wp:attachment":[{"href":"https:\/\/younginsurancepro.com\/fr\/wp-json\/wp\/v2\/media?parent=203"}],"curies":[{"name":"wp","href":"https:\/\/api.w.org\/{rel}","templated":true}]}}