{"id":204,"date":"2022-11-27T23:32:58","date_gmt":"2022-11-28T04:32:58","guid":{"rendered":"https:\/\/younginsurancepro.com\/course-administration\/"},"modified":"2022-11-28T02:28:32","modified_gmt":"2022-11-28T07:28:32","slug":"administration-du-cours","status":"publish","type":"page","link":"https:\/\/younginsurancepro.com\/fr\/le-programme\/administration-du-cours\/","title":{"rendered":"Administration du cours"},"content":{"rendered":"<div class=\"wrapper\">\n<div class=\"card mb-4\">\n<div class=\"card-header\">Mode de livraison<\/div>\n<div class=\"card-body\">\n<ul class=\"mb-4\">\n<li>La formation se fera en ligne et de mani\u00e8re non synchronis\u00e9e. Elle commencera et s\u2019ach\u00e8vera \u00e0 des dates diff\u00e9rentes pour les participants, et ceux-ci avanceront chacun \u00e0 son rythme, dans les d\u00e9lais impartis.<\/li>\n<\/ul>\n<p><a href=\"https:\/\/younginsurancepro.com\/fr\/le-programme\/administration-du-cours\/#\">Lire la suite<\/a><\/p>\n<\/div>\n<\/div>\n<div class=\"card mb-4\">\n<div class=\"card-header\">Contenus et activit\u00e9s<\/div>\n<div class=\"card-body\">\n<ul class=\"mb-4\">\n<li>Le programme comprendra plusieurs groupes d\u2019activit\u00e9s auxquels les participants pourront contribuer individuellement et collectivement.<\/li>\n<li>Les meilleures pratiques en mati\u00e8re de formation veulent que chaque objectif corresponde \u00e0 un besoin pr\u00e9cis et unique.<\/li>\n<li>13 modules comprenant des cas pratiques\u00a0seront \u00e9tudi\u00e9s, et chaque module sera con\u00e7u pour contribuer \u00e0 la r\u00e9alisation des objectifs de la formation.<\/li>\n<\/ul>\n<p><a href=\"https:\/\/younginsurancepro.com\/fr\/le-programme\/administration-du-cours\/#\">Lire la suite<\/a><\/p>\n<\/div>\n<\/div>\n<div class=\"card mb-4\">\n<div class=\"card-header\">\u00c9valuation et commentaires<\/div>\n<div class=\"card-body\">\n<ul class=\"mb-4\">\n<li>La formation est con\u00e7ue pour permettre aux participants de mettre en pratique les comp\u00e9tences et les aptitudes acquises.<\/li>\n<li>En cons\u00e9quence, les modules ne porteront que sur des cas pratiques, et les formateurs pr\u00e9senteront des diapositives suppl\u00e9mentaires aux participants.<\/li>\n<\/ul>\n<p><a href=\"https:\/\/younginsurancepro.com\/fr\/le-programme\/administration-du-cours\/#\">Lire la suite<\/a><\/p>\n<\/div>\n<\/div>\n<\/div>\n","protected":false},"excerpt":{"rendered":"<p>Mode de livraison La formation se fera en ligne et de mani\u00e8re non synchronis\u00e9e. Elle commencera et s\u2019ach\u00e8vera \u00e0 des dates diff\u00e9rentes pour les participants, et ceux-ci avanceront chacun \u00e0 son rythme, dans les d\u00e9lais impartis. Lire la suite Contenus et activit\u00e9s Le programme comprendra plusieurs groupes d\u2019activit\u00e9s auxquels les participants pourront contribuer individuellement et [&hellip;]<\/p>\n","protected":false},"author":1,"featured_media":0,"parent":208,"menu_order":0,"comment_status":"closed","ping_status":"closed","template":"templates\/default-grey-template.php","meta":{"footnotes":""},"class_list":["post-204","page","type-page","status-publish","hentry"],"_links":{"self":[{"href":"https:\/\/younginsurancepro.com\/fr\/wp-json\/wp\/v2\/pages\/204","targetHints":{"allow":["GET"]}}],"collection":[{"href":"https:\/\/younginsurancepro.com\/fr\/wp-json\/wp\/v2\/pages"}],"about":[{"href":"https:\/\/younginsurancepro.com\/fr\/wp-json\/wp\/v2\/types\/page"}],"author":[{"embeddable":true,"href":"https:\/\/younginsurancepro.com\/fr\/wp-json\/wp\/v2\/users\/1"}],"replies":[{"embeddable":true,"href":"https:\/\/younginsurancepro.com\/fr\/wp-json\/wp\/v2\/comments?post=204"}],"version-history":[{"count":3,"href":"https:\/\/younginsurancepro.com\/fr\/wp-json\/wp\/v2\/pages\/204\/revisions"}],"predecessor-version":[{"id":258,"href":"https:\/\/younginsurancepro.com\/fr\/wp-json\/wp\/v2\/pages\/204\/revisions\/258"}],"up":[{"embeddable":true,"href":"https:\/\/younginsurancepro.com\/fr\/wp-json\/wp\/v2\/pages\/208"}],"wp:attachment":[{"href":"https:\/\/younginsurancepro.com\/fr\/wp-json\/wp\/v2\/media?parent=204"}],"curies":[{"name":"wp","href":"https:\/\/api.w.org\/{rel}","templated":true}]}}