{"id":205,"date":"2022-11-27T23:25:18","date_gmt":"2022-11-28T04:25:18","guid":{"rendered":"https:\/\/younginsurancepro.com\/enrollment-process\/"},"modified":"2025-11-04T06:15:26","modified_gmt":"2025-11-04T11:15:26","slug":"processus-dinscription","status":"publish","type":"page","link":"https:\/\/younginsurancepro.com\/fr\/le-programme\/processus-dinscription\/","title":{"rendered":"Processus d\u2019inscription"},"content":{"rendered":"<div class=\"wrapper\">\n<p>Le programme est destin\u00e9 aux jeunes africains professionnels des assurances en service dans des compagnies d\u2019assurance et de r\u00e9assurance, des cabinets de courtage, des autorit\u00e9s de contr\u00f4le ou organismes connexes.<\/p>\n<p>Les personnes int\u00e9ress\u00e9es sont invit\u00e9es \u00e0 envoyer leur demande en ligne entre le <strong>10 novembre 2025 et le 31 janvier 2026.<\/strong><\/p>\n<p>Les demandes re\u00e7ues apr\u00e8s la date limite ne seront pas prises en compte. Les postulants doivent joindre les documents suivants au formulaire de candidature\u00a0: curriculum vitae, lettre de pr\u00e9sentation et formulaires de recommandation. Un entretien fera partie du processus d\u2019\u00e9valuation si cela s\u2019av\u00e8re n\u00e9cessaire.<\/p>\n<p><strong>Document Requis<\/strong><\/p>\n<p>Pour faciliter le processus d\u2019inscription, bien vouloir trouver ci-dessous une liste de documents \u00e0 fournir. Assurez-vous que ces documents sont disponibles et peuvent \u00eatre joints \u00e0 votre demande avant d\u2019engager le processus d\u2019inscription en ligne.<\/p>\n<p><strong>Proc\u00e9dure d\u2019Inscription<\/strong><\/p>\n<p>Bien vouloir :<\/p>\n<ul>\n<li>Curriculum Vitae<\/li>\n<li>Formulaire de R\u00e9f\u00e9rence<\/li>\n<li>Photo d\u2019identit\u00e9.<\/li>\n<\/ul>\n<p>Apr\u00e8s avoir envoy\u00e9 votre demande, vous recevrez un accus\u00e9 de r\u00e9ception par courriel.<\/p>\n<p>Les candidats retenus seront contact\u00e9s par courriel au plus tard le <strong>31 mars 2026<\/strong>\u00a0et commenceront le programme en <strong>avril 2026<\/strong>.<\/p>\n<p>Pour toute information relative au processus d\u2019inscription, bien vouloir envoyer un courriel \u00e0 l\u2019adresse suivante : <a href=\"mailto:applications@younginsurancepro.com\">applications@younginsurancepro.com<\/a>; or <a href=\"mailto:yippenquiries@africa-re.com\">yippenquiries@africa-re.com<\/a><\/p>\n<\/div>\n","protected":false},"excerpt":{"rendered":"<p>Le programme est destin\u00e9 aux jeunes africains professionnels des assurances en service dans des compagnies d\u2019assurance et de r\u00e9assurance, des cabinets de courtage, des autorit\u00e9s de contr\u00f4le ou organismes connexes. Les personnes int\u00e9ress\u00e9es sont invit\u00e9es \u00e0 envoyer leur demande en ligne entre le 10 novembre 2025 et le 31 janvier 2026. Les demandes re\u00e7ues apr\u00e8s [&hellip;]<\/p>\n","protected":false},"author":1,"featured_media":0,"parent":208,"menu_order":0,"comment_status":"closed","ping_status":"closed","template":"templates\/default-grey-template.php","meta":{"footnotes":""},"class_list":["post-205","page","type-page","status-publish","hentry"],"_links":{"self":[{"href":"https:\/\/younginsurancepro.com\/fr\/wp-json\/wp\/v2\/pages\/205","targetHints":{"allow":["GET"]}}],"collection":[{"href":"https:\/\/younginsurancepro.com\/fr\/wp-json\/wp\/v2\/pages"}],"about":[{"href":"https:\/\/younginsurancepro.com\/fr\/wp-json\/wp\/v2\/types\/page"}],"author":[{"embeddable":true,"href":"https:\/\/younginsurancepro.com\/fr\/wp-json\/wp\/v2\/users\/1"}],"replies":[{"embeddable":true,"href":"https:\/\/younginsurancepro.com\/fr\/wp-json\/wp\/v2\/comments?post=205"}],"version-history":[{"count":7,"href":"https:\/\/younginsurancepro.com\/fr\/wp-json\/wp\/v2\/pages\/205\/revisions"}],"predecessor-version":[{"id":444,"href":"https:\/\/younginsurancepro.com\/fr\/wp-json\/wp\/v2\/pages\/205\/revisions\/444"}],"up":[{"embeddable":true,"href":"https:\/\/younginsurancepro.com\/fr\/wp-json\/wp\/v2\/pages\/208"}],"wp:attachment":[{"href":"https:\/\/younginsurancepro.com\/fr\/wp-json\/wp\/v2\/media?parent=205"}],"curies":[{"name":"wp","href":"https:\/\/api.w.org\/{rel}","templated":true}]}}