{"id":206,"date":"2022-11-27T22:53:00","date_gmt":"2022-11-28T03:53:00","guid":{"rendered":"https:\/\/younginsurancepro.com\/eligibility-criteria\/"},"modified":"2022-11-29T13:01:36","modified_gmt":"2022-11-29T18:01:36","slug":"critere-deligibilite","status":"publish","type":"page","link":"https:\/\/younginsurancepro.com\/fr\/le-programme\/critere-deligibilite\/","title":{"rendered":"Crit\u00e8re D\u2019\u00e9ligibilit\u00e9"},"content":{"rendered":"<div class=\"wrapper\">\n<div class=\"card\">\n<div class=\"card-header\">CRIT\u00c8RE D\u2019\u00c9LIGIBILIT\u00c9<\/div>\n<div class=\"card-body\">\n<p><strong>CRIT\u00c8RES MINIMUMS<\/strong><\/p>\n<p>Conditions \u00e0 remplir pour postuler<\/p>\n<ul>\n<li>Etre ressortissant d\u2019un pays membre d\u2019Africa Re;<\/li>\n<li>Etre \u00e2g\u00e9 d\u2019au plus 35 ans;<\/li>\n<li>Etre titulaire d\u2019une Licence ou d\u2019un dipl\u00f4me \u00e9quivalent ;<\/li>\n<li>Jouir d\u2019une exp\u00e9rience professionnelle pertinente dans une compagnie d\u2019assurance, un cabinet de courtage ou toute autre institution dans un domaine connexe ;<\/li>\n<li>Avoir acc\u00e8s \u00e0 Internet;<\/li>\n<li>Avoir une excellente connaissance de l\u2019anglais et\/ou du fran\u00e7ais (communication \u00e9crite et orale).<\/li>\n<\/ul>\n<\/div>\n<\/div>\n<\/div>\n<div class=\"blue-info my-5\">\n<div class=\"wrapper\">\n<h2 class=\"text-center mb-5\"><strong>RETOMB\u00c9ES POSITIVES DU YIPP<\/strong><\/h2>\n<div class=\"row\">\n<div class=\"col-md-4 \">\n<div class=\"item\">\n<p>Africa Re financera la participation des dix meilleurs laur\u00e9ats du programme YIPP \u00e0 l\u2019un des \u00e9v\u00e8nements majeurs de l\u2019assurance\/r\u00e9assurance en Afrique (OAA, FANAF, OESAI, GAIF, FAIR, etc.) ;<\/p>\n<\/div>\n<\/div>\n<div class=\"col-md-4\">\n<div class=\"item\">\n<p>Une Attestation de participation au programme YIPP sera d\u00e9livr\u00e9e par Africa Re et la London School of Insurance;<\/p>\n<\/div>\n<\/div>\n<div class=\"col-md-4\">\n<div class=\"item\">\n<p>D\u00e9veloppement acc\u00e9l\u00e9r\u00e9 de la carri\u00e8re dans l\u2019industrie des assurances.<\/p>\n<\/div>\n<\/div>\n<\/div>\n<\/div>\n<\/div>\n<div class=\"py-5\"><\/div>\n","protected":false},"excerpt":{"rendered":"<p>CRIT\u00c8RE D\u2019\u00c9LIGIBILIT\u00c9 CRIT\u00c8RES MINIMUMS Conditions \u00e0 remplir pour postuler Etre ressortissant d\u2019un pays membre d\u2019Africa Re; Etre \u00e2g\u00e9 d\u2019au plus 35 ans; Etre titulaire d\u2019une Licence ou d\u2019un dipl\u00f4me \u00e9quivalent ; Jouir d\u2019une exp\u00e9rience professionnelle pertinente dans une compagnie d\u2019assurance, un cabinet de courtage ou toute autre institution dans un domaine connexe ; Avoir acc\u00e8s [&hellip;]<\/p>\n","protected":false},"author":1,"featured_media":0,"parent":208,"menu_order":0,"comment_status":"closed","ping_status":"closed","template":"templates\/default-grey-template.php","meta":{"footnotes":""},"class_list":["post-206","page","type-page","status-publish","hentry"],"_links":{"self":[{"href":"https:\/\/younginsurancepro.com\/fr\/wp-json\/wp\/v2\/pages\/206","targetHints":{"allow":["GET"]}}],"collection":[{"href":"https:\/\/younginsurancepro.com\/fr\/wp-json\/wp\/v2\/pages"}],"about":[{"href":"https:\/\/younginsurancepro.com\/fr\/wp-json\/wp\/v2\/types\/page"}],"author":[{"embeddable":true,"href":"https:\/\/younginsurancepro.com\/fr\/wp-json\/wp\/v2\/users\/1"}],"replies":[{"embeddable":true,"href":"https:\/\/younginsurancepro.com\/fr\/wp-json\/wp\/v2\/comments?post=206"}],"version-history":[{"count":6,"href":"https:\/\/younginsurancepro.com\/fr\/wp-json\/wp\/v2\/pages\/206\/revisions"}],"predecessor-version":[{"id":346,"href":"https:\/\/younginsurancepro.com\/fr\/wp-json\/wp\/v2\/pages\/206\/revisions\/346"}],"up":[{"embeddable":true,"href":"https:\/\/younginsurancepro.com\/fr\/wp-json\/wp\/v2\/pages\/208"}],"wp:attachment":[{"href":"https:\/\/younginsurancepro.com\/fr\/wp-json\/wp\/v2\/media?parent=206"}],"curies":[{"name":"wp","href":"https:\/\/api.w.org\/{rel}","templated":true}]}}