{"id":207,"date":"2022-11-27T22:51:33","date_gmt":"2022-11-28T03:51:33","guid":{"rendered":"https:\/\/younginsurancepro.com\/general-overview\/"},"modified":"2022-11-29T13:06:29","modified_gmt":"2022-11-29T18:06:29","slug":"apercu-general","status":"publish","type":"page","link":"https:\/\/younginsurancepro.com\/fr\/le-programme\/apercu-general\/","title":{"rendered":"Aper\u00e7u g\u00e9n\u00e9ral"},"content":{"rendered":"\n<p>Le Programme pour Jeunes Cadres des Assurances (sigle anglais \u201cYIPP\u201d) est une formation en ligne dont le programme acad\u00e9mique a \u00e9t\u00e9 con\u00e7u par la London School of Insurance en collaboration avec Africa Re qui, ce faisant, remplit l\u2019une de ses missions, \u00e0 savoir promouvoir le d\u00e9veloppement de l\u2019industrie de l\u2019assurance et de la r\u00e9assurance en Afrique.<\/p>\n\n\n\n<p>L\u2019objectif de ce programme GRATUIT en ligne est d\u2019offrir chaque ann\u00e9e \u00e0 de brillants professionnels la possibilit\u00e9 d\u2019acc\u00e9l\u00e9rer le d\u00e9veloppement de leur carri\u00e8re tout en contribuant \u00e0 l\u2019avanc\u00e9e du secteur de l\u2019assurance et de la r\u00e9assurance en Afrique.<\/p>\n\n\n\n<p>Le YIPP est le point de d\u00e9part d\u2019une excellente carri\u00e8re dans l\u2019industrie. Les candidats retenus pour le YIPP suivront un programme de formation annuel qui permettra d\u2019acqu\u00e9rir une pr\u00e9cieuse exp\u00e9rience en cours d\u2019emploi.<\/p>\n\n\n\n<p>Les jeunes professionnels retenus pourront acqu\u00e9rir des connaissances et comp\u00e9tences gr\u00e2ce \u00e0 un m\u00e9lange unique d\u2019exp\u00e9rience sur le lieu de travail et de formation en ligne en assurance, r\u00e9assurance, gestion et leadership.<\/p>\n\n\n\n<p>A la fin du programme de formation, les participants auront acquis une excellente connaissance de l\u2019industrie de la r\u00e9assurance et de leurs missions futures.<\/p>\n\n\n\n<p>Les participants pourront \u00e9liminer certaines mauvaises pratiques en formulant une approche constructive \u00e0 la concurrence dans les march\u00e9s de la r\u00e9assurance africains et en am\u00e9liorant le professionnalisme.<\/p>\n","protected":false},"excerpt":{"rendered":"<p>Le Programme pour Jeunes Cadres des Assurances (sigle anglais \u201cYIPP\u201d) est une formation en ligne dont le programme acad\u00e9mique a \u00e9t\u00e9 con\u00e7u par la London School of Insurance en collaboration avec Africa Re qui, ce faisant, remplit l\u2019une de ses missions, \u00e0 savoir promouvoir le d\u00e9veloppement de l\u2019industrie de l\u2019assurance et de la r\u00e9assurance en [&hellip;]<\/p>\n","protected":false},"author":1,"featured_media":0,"parent":208,"menu_order":0,"comment_status":"closed","ping_status":"closed","template":"templates\/default-template.php","meta":{"footnotes":""},"class_list":["post-207","page","type-page","status-publish","hentry"],"_links":{"self":[{"href":"https:\/\/younginsurancepro.com\/fr\/wp-json\/wp\/v2\/pages\/207","targetHints":{"allow":["GET"]}}],"collection":[{"href":"https:\/\/younginsurancepro.com\/fr\/wp-json\/wp\/v2\/pages"}],"about":[{"href":"https:\/\/younginsurancepro.com\/fr\/wp-json\/wp\/v2\/types\/page"}],"author":[{"embeddable":true,"href":"https:\/\/younginsurancepro.com\/fr\/wp-json\/wp\/v2\/users\/1"}],"replies":[{"embeddable":true,"href":"https:\/\/younginsurancepro.com\/fr\/wp-json\/wp\/v2\/comments?post=207"}],"version-history":[{"count":2,"href":"https:\/\/younginsurancepro.com\/fr\/wp-json\/wp\/v2\/pages\/207\/revisions"}],"predecessor-version":[{"id":243,"href":"https:\/\/younginsurancepro.com\/fr\/wp-json\/wp\/v2\/pages\/207\/revisions\/243"}],"up":[{"embeddable":true,"href":"https:\/\/younginsurancepro.com\/fr\/wp-json\/wp\/v2\/pages\/208"}],"wp:attachment":[{"href":"https:\/\/younginsurancepro.com\/fr\/wp-json\/wp\/v2\/media?parent=207"}],"curies":[{"name":"wp","href":"https:\/\/api.w.org\/{rel}","templated":true}]}}