{"id":209,"date":"2022-11-27T21:57:52","date_gmt":"2022-11-28T02:57:52","guid":{"rendered":"https:\/\/younginsurancepro.com\/home\/"},"modified":"2022-11-29T13:26:29","modified_gmt":"2022-11-29T18:26:29","slug":"home","status":"publish","type":"page","link":"https:\/\/younginsurancepro.com\/fr\/","title":{"rendered":"Home"},"content":{"rendered":"<h1>Le programme<\/h1>\n<div class=\"slide-content\">\n<h6 class=\"my-4 my-lg-4 pt-lg-2\">Le programme devrait avoir un impact positif sur les participants:<\/h6>\n<ul>\n<li>Comprendre l\u2019industrie de la r\u00e9assurance et leurs futures missions en mati\u00e8re de leadership, de gouvernance et de responsabilit\u00e9;<\/li>\n<li>D\u00e9velopper une approche constructive de la concurrence sur les march\u00e9s de la r\u00e9assurance africaine en r\u00e9duisant certaines pratiques et approches difficiles;<\/li>\n<li>Am\u00e9liorer la carri\u00e8re et le d\u00e9veloppement professionnel<\/li>\n<\/ul>\n<div class=\"clearfix\"><\/div>\n<div class=\"text-center text-md-start\"><a class=\"link-btn\" href=\"https:\/\/younginsurancepro.com\/fr\/a-propos-de-nous\/\">A Propos De Nous<\/a><\/div>\n<\/div>\n","protected":false},"excerpt":{"rendered":"<p>Le programme Le programme devrait avoir un impact positif sur les participants: Comprendre l\u2019industrie de la r\u00e9assurance et leurs futures missions en mati\u00e8re de leadership, de gouvernance et de responsabilit\u00e9; D\u00e9velopper une approche constructive de la concurrence sur les march\u00e9s de la r\u00e9assurance africaine en r\u00e9duisant certaines pratiques et approches difficiles; Am\u00e9liorer la carri\u00e8re et [&hellip;]<\/p>\n","protected":false},"author":1,"featured_media":0,"parent":0,"menu_order":0,"comment_status":"closed","ping_status":"closed","template":"templates\/home-template.php","meta":{"footnotes":""},"class_list":["post-209","page","type-page","status-publish","hentry"],"_links":{"self":[{"href":"https:\/\/younginsurancepro.com\/fr\/wp-json\/wp\/v2\/pages\/209","targetHints":{"allow":["GET"]}}],"collection":[{"href":"https:\/\/younginsurancepro.com\/fr\/wp-json\/wp\/v2\/pages"}],"about":[{"href":"https:\/\/younginsurancepro.com\/fr\/wp-json\/wp\/v2\/types\/page"}],"author":[{"embeddable":true,"href":"https:\/\/younginsurancepro.com\/fr\/wp-json\/wp\/v2\/users\/1"}],"replies":[{"embeddable":true,"href":"https:\/\/younginsurancepro.com\/fr\/wp-json\/wp\/v2\/comments?post=209"}],"version-history":[{"count":3,"href":"https:\/\/younginsurancepro.com\/fr\/wp-json\/wp\/v2\/pages\/209\/revisions"}],"predecessor-version":[{"id":360,"href":"https:\/\/younginsurancepro.com\/fr\/wp-json\/wp\/v2\/pages\/209\/revisions\/360"}],"wp:attachment":[{"href":"https:\/\/younginsurancepro.com\/fr\/wp-json\/wp\/v2\/media?parent=209"}],"curies":[{"name":"wp","href":"https:\/\/api.w.org\/{rel}","templated":true}]}}