{"id":384,"date":"2022-11-29T12:32:24","date_gmt":"2022-11-29T17:32:24","guid":{"rendered":"https:\/\/younginsurancepro.com\/?page_id=384"},"modified":"2022-11-29T23:42:05","modified_gmt":"2022-11-30T04:42:05","slug":"module-5","status":"publish","type":"page","link":"https:\/\/younginsurancepro.com\/fr\/module-5\/","title":{"rendered":"Module 5"},"content":{"rendered":"\n<p>1. Leadership \u2013 Pr\u00e9cisions sur le concept et expos\u00e9 general<\/p>\n\n\n\n<p>2. Session consacr\u00e9e \u00e0 l&#8217;auto-organisation, l&#8217;efficacit\u00e9 personnelle et la productivit\u00e9<\/p>\n\n\n\n<p>3. Cr\u00e9ativit\u00e9 et innovation<\/p>\n\n\n\n<p>4. Communication efficace et entregent<\/p>\n\n\n\n<p>5. Le savoir-vivre en milieu professionnel<\/p>\n\n\n\n<p>6. Les quatre piliers de l&#8217;intelligence \u00e9motionnelle<\/p>\n\n\n\n<p>7. Avoir une bonne collaboration avec son sup\u00e9rieur hi\u00e9rarchique<\/p>\n\n\n\n<p>8. R\u00e9aliserdes performances extraordinaires<\/p>\n\n\n\n<p>9. Pens\u00e9e critique, r\u00e9solution de probl\u00e8mes et prise de d\u00e9cision<\/p>\n","protected":false},"excerpt":{"rendered":"<p>1. Leadership \u2013 Pr\u00e9cisions sur le concept et expos\u00e9 general 2. Session consacr\u00e9e \u00e0 l&#8217;auto-organisation, l&#8217;efficacit\u00e9 personnelle et la productivit\u00e9 3. Cr\u00e9ativit\u00e9 et innovation 4. Communication efficace et entregent 5. Le savoir-vivre en milieu professionnel 6. Les quatre piliers de l&#8217;intelligence \u00e9motionnelle 7. Avoir une bonne collaboration avec son sup\u00e9rieur hi\u00e9rarchique 8. R\u00e9aliserdes performances extraordinaires [&hellip;]<\/p>\n","protected":false},"author":1,"featured_media":0,"parent":0,"menu_order":0,"comment_status":"closed","ping_status":"closed","template":"templates\/default-template.php","meta":{"footnotes":""},"class_list":["post-384","page","type-page","status-publish","hentry"],"_links":{"self":[{"href":"https:\/\/younginsurancepro.com\/fr\/wp-json\/wp\/v2\/pages\/384","targetHints":{"allow":["GET"]}}],"collection":[{"href":"https:\/\/younginsurancepro.com\/fr\/wp-json\/wp\/v2\/pages"}],"about":[{"href":"https:\/\/younginsurancepro.com\/fr\/wp-json\/wp\/v2\/types\/page"}],"author":[{"embeddable":true,"href":"https:\/\/younginsurancepro.com\/fr\/wp-json\/wp\/v2\/users\/1"}],"replies":[{"embeddable":true,"href":"https:\/\/younginsurancepro.com\/fr\/wp-json\/wp\/v2\/comments?post=384"}],"version-history":[{"count":1,"href":"https:\/\/younginsurancepro.com\/fr\/wp-json\/wp\/v2\/pages\/384\/revisions"}],"predecessor-version":[{"id":385,"href":"https:\/\/younginsurancepro.com\/fr\/wp-json\/wp\/v2\/pages\/384\/revisions\/385"}],"wp:attachment":[{"href":"https:\/\/younginsurancepro.com\/fr\/wp-json\/wp\/v2\/media?parent=384"}],"curies":[{"name":"wp","href":"https:\/\/api.w.org\/{rel}","templated":true}]}}